{"id":2,"date":"2020-04-28T23:21:00","date_gmt":"2020-04-28T23:21:00","guid":{"rendered":"https:\/\/daofile.net\/?page_id=2"},"modified":"2025-02-02T16:08:12","modified_gmt":"2025-02-02T16:08:12","slug":"terms","status":"publish","type":"page","link":"https:\/\/daofile.net\/tr\/terms\/","title":{"rendered":"Kullan\u0131m Ko\u015fullar\u0131"},"content":{"rendered":"<p>Terms of Use<\/p>\n<p>This site contains links to other Internet sites owned by third parties. Your use of each of those sites is subject to the conditions, if any, that each of those sites has posted. We have no control over sites that are not ours, and we are not responsible for any changes to or content on them. Our inclusion on our sites of any third-party content or a link to a third-party site is not a guarantee or endorsement of that content or third-party site.<\/p>\n<p>We do not sell, resell, or license any of the products or the services that we review, list, advertise or feature on our site, and we disclaim any responsibility for or liability related to them. Your correspondence or related activities with third parties, including payment transactions and goods delivery transactions, are solely between you and that third party. You agree that we will not be responsible or liable for any loss or damage of any sort incurred as the result of any of your transactions with third parties. Any questions, complaints, or claims related to any product or service should be directed to the appropriate vendor.<\/p>\n<p><strong>The sole purpose of this site (https:\/\/daofile.net) is to provide information about services offered by daofile.<\/strong><\/p>\n","protected":false},"excerpt":{"rendered":"<p>Bu site, \u00fc\u00e7\u00fcnc\u00fc \u015fah\u0131slara ait di\u011fer \u0130nternet sitelerine ba\u011flant\u0131lar i\u00e7ermektedir. Bu sitelerin her birinin kullan\u0131m\u0131, s\u00f6z konusu ise, her birinin yay\u0131nlad\u0131\u011f\u0131 ko\u015fullara tabidir. Bizim olmayan siteler \u00fczerinde kontrol\u00fcm\u00fcz yoktur ve bunlar \u00fczerindeki de\u011fi\u015fikliklerden veya i\u00e7erikten sorumlu de\u011filiz. Sitemizde herhangi bir &hellip;<\/p>\n<p class=\"read-more\"> <a class=\"more-link\" href=\"https:\/\/daofile.net\/tr\/terms\/\"> <span class=\"screen-reader-text\">Kullan\u0131m Ko\u015fullar\u0131<\/span> Devam\u0131n\u0131 Oku &raquo;<\/a><\/p>\n","protected":false},"author":1,"featured_media":0,"parent":0,"menu_order":12,"comment_status":"closed","ping_status":"open","template":"full-width-page.php","meta":{"footnotes":""},"class_list":["post-2","page","type-page","status-publish","hentry"],"_links":{"self":[{"href":"https:\/\/daofile.net\/tr\/wp-json\/wp\/v2\/pages\/2","targetHints":{"allow":["GET"]}}],"collection":[{"href":"https:\/\/daofile.net\/tr\/wp-json\/wp\/v2\/pages"}],"about":[{"href":"https:\/\/daofile.net\/tr\/wp-json\/wp\/v2\/types\/page"}],"author":[{"embeddable":true,"href":"https:\/\/daofile.net\/tr\/wp-json\/wp\/v2\/users\/1"}],"replies":[{"embeddable":true,"href":"https:\/\/daofile.net\/tr\/wp-json\/wp\/v2\/comments?post=2"}],"version-history":[{"count":5,"href":"https:\/\/daofile.net\/tr\/wp-json\/wp\/v2\/pages\/2\/revisions"}],"predecessor-version":[{"id":266,"href":"https:\/\/daofile.net\/tr\/wp-json\/wp\/v2\/pages\/2\/revisions\/266"}],"wp:attachment":[{"href":"https:\/\/daofile.net\/tr\/wp-json\/wp\/v2\/media?parent=2"}],"curies":[{"name":"wp","href":"https:\/\/api.w.org\/{rel}","templated":true}]}}